{"id":6303,"date":"2025-08-27T21:22:44","date_gmt":"2025-08-27T19:22:44","guid":{"rendered":"https:\/\/academyvideo.net\/?post_type=product&#038;p=6303"},"modified":"2026-05-13T16:34:52","modified_gmt":"2026-05-13T14:34:52","slug":"the-outwaters","status":"publish","type":"product","link":"https:\/\/academyvideo.net\/?product=the-outwaters","title":{"rendered":"The Outwaters (Blu-ray)"},"content":{"rendered":"<div data-offset-key=\"5pcjf-0-0\">\n<h4 data-offset-key=\"5pcjf-0-0\"><strong>Ce blu-ray contient :<\/strong><\/h4>\n<\/div>\n<div data-offset-key=\"5pcjf-0-0\">\n<p>\u2022 The Outwaters (110\u2019) en version originale 5.1, sous titr\u00e9 : fran\u00e7ais<\/p>\n<p><strong>Bonus :<\/strong><br \/>\n\u2022 card zero &#8211; prologue (35&Prime;)<br \/>\n\u2022 file vl-624 &#8211; epilogue (21&Prime;)<br \/>\n\u2022 le disque orange brillant (6&Prime;) <strong>(exclusif au blu-ray FR)<\/strong><br \/>\n\u2022 commentaire audio (110&Prime;)<br \/>\n\u2022 video musicale 1 (4&Prime;)<br \/>\n\u2022 video musicale 2 (4&Prime;)<br \/>\n\u2022 the dogistter &#8211; court metrage (17&Prime;) vo <strong>(exclusif au blu-ray FR)<\/strong><br \/>\n\u2022 advent &#8211; court metrage (7&Prime;) vo <strong>(exclusif au blu-ray FR)<\/strong><\/p>\n<p>&nbsp;<\/p>\n<\/div>\n<p><strong>Plongez dans un chaos sans retour, au-del\u00e0 des collines, l\u00e0 o\u00f9 le tonnerre gronde entre les canyons et o\u00f9 les hurlements des coyotes d\u00e9chirent la nuit \u00e9toil\u00e9e.<\/strong><\/p>\n<h2 data-offset-key=\"5pcjf-0-0\">OSEZ FERMER LES YEUX.<\/h2>\n","protected":false},"excerpt":{"rendered":"<div data-offset-key=\"5pcjf-0-0\"><em>Michelle, Robbie, Scott et Ange se retrouvent happ\u00e9s dans une spirale cauchemardesque d&rsquo;horreurs indicibles.<\/em><\/div>\n<div data-offset-key=\"5pcjf-0-0\"><em>Sur cette terre isol\u00e9e, autrefois noy\u00e9e sous les mers du Pal\u00e9ozo\u00efque, quelque chose attend&#8230; et surgira. Une nuit suffira pour tout faire basculer.<\/em><\/div>\n","protected":false},"featured_media":6464,"template":"","meta":{"_themeisle_gutenberg_block_has_review":false,"_kad_post_transparent":"default","_kad_post_title":"","_kad_post_layout":"default","_kad_post_sidebar_id":"","_kad_post_content_style":"default","_kad_post_vertical_padding":"default","_kad_post_feature":"","_kad_post_feature_position":"","_kad_post_header":false,"_kad_post_footer":false,"_kad_post_classname":""},"product_brand":[],"product_cat":[67],"product_tag":[],"class_list":{"0":"post-6303","1":"product","2":"type-product","3":"status-publish","4":"has-post-thumbnail","6":"product_cat-blu-ray","8":"first","9":"instock","10":"featured","11":"taxable","12":"shipping-taxable","13":"purchasable","14":"product-type-simple","15":"entry","16":"content-bg","17":"loop-entry"},"_links":{"self":[{"href":"https:\/\/academyvideo.net\/index.php?rest_route=\/wp\/v2\/product\/6303","targetHints":{"allow":["GET"]}}],"collection":[{"href":"https:\/\/academyvideo.net\/index.php?rest_route=\/wp\/v2\/product"}],"about":[{"href":"https:\/\/academyvideo.net\/index.php?rest_route=\/wp\/v2\/types\/product"}],"wp:featuredmedia":[{"embeddable":true,"href":"https:\/\/academyvideo.net\/index.php?rest_route=\/wp\/v2\/media\/6464"}],"wp:attachment":[{"href":"https:\/\/academyvideo.net\/index.php?rest_route=%2Fwp%2Fv2%2Fmedia&parent=6303"}],"wp:term":[{"taxonomy":"product_brand","embeddable":true,"href":"https:\/\/academyvideo.net\/index.php?rest_route=%2Fwp%2Fv2%2Fproduct_brand&post=6303"},{"taxonomy":"product_cat","embeddable":true,"href":"https:\/\/academyvideo.net\/index.php?rest_route=%2Fwp%2Fv2%2Fproduct_cat&post=6303"},{"taxonomy":"product_tag","embeddable":true,"href":"https:\/\/academyvideo.net\/index.php?rest_route=%2Fwp%2Fv2%2Fproduct_tag&post=6303"}],"curies":[{"name":"wp","href":"https:\/\/api.w.org\/{rel}","templated":true}]}}