{"id":6176,"date":"2025-06-12T19:52:05","date_gmt":"2025-06-12T17:52:05","guid":{"rendered":"https:\/\/academyvideo.net\/?post_type=product&#038;p=6176"},"modified":"2026-05-13T16:34:38","modified_gmt":"2026-05-13T14:34:38","slug":"artisans-de-la-voix","status":"publish","type":"product","link":"https:\/\/academyvideo.net\/?product=artisans-de-la-voix","title":{"rendered":"Les Artisans de la Voix (Blu-ray)"},"content":{"rendered":"<div data-offset-key=\"5pcjf-0-0\">\n<h4 data-offset-key=\"5pcjf-0-0\"><strong>Ce blu-ray contient :<\/strong><\/h4>\n<\/div>\n<div data-offset-key=\"5pcjf-0-0\">\n<p>\u2022 Le film (77\u2019) en version fran\u00e7aise 5.1, sous titr\u00e9 : fran\u00e7ais, espagnol, english<\/p>\n<p><strong>Bonus :<\/strong><br \/>\n\u2022 rencontre avec&#8230; Kelyan blanc (8&prime;)<br \/>\n\u2022 le m\u00e9tier de com\u00e9dien de doublage face \u00e0 l\u2019intelligence artificielle (59&prime;)<\/p>\n<\/div>\n","protected":false},"excerpt":{"rendered":"<div data-offset-key=\"5pcjf-0-0\">\n<p><em>Comment d\u00e9finir le doublage ? Qu&rsquo;est-ce qui caract\u00e9rise ce milieu ? <\/em><em>Ces com\u00e9diens \u00e0 la voix d&rsquo;or ont marqu\u00e9 plusieurs g\u00e9n\u00e9rations de publics, au cin\u00e9ma, \u00e0 la t\u00e9l\u00e9, et m\u00eame sur internet. <\/em><em>Dix d&rsquo;entre eux ont accept\u00e9 g\u00e9n\u00e9reusement de pouvoir parler de leur m\u00e9tier, leurs exp\u00e9riences, mais aussi leurs diff\u00e9rents points de vue.<\/em><\/p>\n<\/div>\n<div style=\"text-align: center;\" data-offset-key=\"5pcjf-0-0\">\n<p>&nbsp;<\/p>\n<\/div>\n<div data-offset-key=\"5pcjf-0-0\"><\/div>\n","protected":false},"featured_media":6463,"template":"","meta":{"_themeisle_gutenberg_block_has_review":false,"_kad_post_transparent":"default","_kad_post_title":"","_kad_post_layout":"default","_kad_post_sidebar_id":"","_kad_post_content_style":"default","_kad_post_vertical_padding":"default","_kad_post_feature":"","_kad_post_feature_position":"","_kad_post_header":false,"_kad_post_footer":false,"_kad_post_classname":""},"product_brand":[],"product_cat":[67],"product_tag":[],"class_list":{"0":"post-6176","1":"product","2":"type-product","3":"status-publish","4":"has-post-thumbnail","6":"product_cat-blu-ray","8":"first","9":"instock","10":"featured","11":"taxable","12":"shipping-taxable","13":"purchasable","14":"product-type-simple","15":"entry","16":"content-bg","17":"loop-entry"},"_links":{"self":[{"href":"https:\/\/academyvideo.net\/index.php?rest_route=\/wp\/v2\/product\/6176","targetHints":{"allow":["GET"]}}],"collection":[{"href":"https:\/\/academyvideo.net\/index.php?rest_route=\/wp\/v2\/product"}],"about":[{"href":"https:\/\/academyvideo.net\/index.php?rest_route=\/wp\/v2\/types\/product"}],"wp:featuredmedia":[{"embeddable":true,"href":"https:\/\/academyvideo.net\/index.php?rest_route=\/wp\/v2\/media\/6463"}],"wp:attachment":[{"href":"https:\/\/academyvideo.net\/index.php?rest_route=%2Fwp%2Fv2%2Fmedia&parent=6176"}],"wp:term":[{"taxonomy":"product_brand","embeddable":true,"href":"https:\/\/academyvideo.net\/index.php?rest_route=%2Fwp%2Fv2%2Fproduct_brand&post=6176"},{"taxonomy":"product_cat","embeddable":true,"href":"https:\/\/academyvideo.net\/index.php?rest_route=%2Fwp%2Fv2%2Fproduct_cat&post=6176"},{"taxonomy":"product_tag","embeddable":true,"href":"https:\/\/academyvideo.net\/index.php?rest_route=%2Fwp%2Fv2%2Fproduct_tag&post=6176"}],"curies":[{"name":"wp","href":"https:\/\/api.w.org\/{rel}","templated":true}]}}