{"id":5719,"date":"2024-11-22T18:43:11","date_gmt":"2024-11-22T17:43:11","guid":{"rendered":"https:\/\/academyvideo.net\/?post_type=product&#038;p=5719"},"modified":"2026-05-13T16:35:19","modified_gmt":"2026-05-13T14:35:19","slug":"mope","status":"publish","type":"product","link":"https:\/\/academyvideo.net\/?product=mope","title":{"rendered":"Mope (Blu-ray)"},"content":{"rendered":"","protected":false},"excerpt":{"rendered":"<p><em>Dans les bas-fonds de l&rsquo;industrie du divertissement pour adultes de Los Angeles, deux outsiders marginaux, Steve Driver et Tom Dong, poursuivent leur r\u00eave impossible de devenir des stars reconnues. Alors qu&rsquo;ils naviguent dans les m\u00e9andres d&rsquo;un milieu impitoyable o\u00f9 ils sont consid\u00e9r\u00e9s comme de simples \u00ab\u00a0mopes\u00a0\u00bb &#8211; ces acteurs de dernier rang -, leur qu\u00eate obsessionnelle de gloire et de reconnaissance les entra\u00eene dans une spirale aussi fascinante que dangereuse.<\/em><\/p>\n","protected":false},"featured_media":6460,"template":"","meta":{"_themeisle_gutenberg_block_has_review":false,"_kad_post_transparent":"default","_kad_post_title":"","_kad_post_layout":"default","_kad_post_sidebar_id":"","_kad_post_content_style":"default","_kad_post_vertical_padding":"default","_kad_post_feature":"","_kad_post_feature_position":"","_kad_post_header":false,"_kad_post_footer":false,"_kad_post_classname":""},"product_brand":[],"product_cat":[67],"product_tag":[],"class_list":{"0":"post-5719","1":"product","2":"type-product","3":"status-publish","4":"has-post-thumbnail","6":"product_cat-blu-ray","8":"first","9":"instock","10":"featured","11":"taxable","12":"shipping-taxable","13":"purchasable","14":"product-type-simple","15":"entry","16":"content-bg","17":"loop-entry"},"_links":{"self":[{"href":"https:\/\/academyvideo.net\/index.php?rest_route=\/wp\/v2\/product\/5719","targetHints":{"allow":["GET"]}}],"collection":[{"href":"https:\/\/academyvideo.net\/index.php?rest_route=\/wp\/v2\/product"}],"about":[{"href":"https:\/\/academyvideo.net\/index.php?rest_route=\/wp\/v2\/types\/product"}],"wp:featuredmedia":[{"embeddable":true,"href":"https:\/\/academyvideo.net\/index.php?rest_route=\/wp\/v2\/media\/6460"}],"wp:attachment":[{"href":"https:\/\/academyvideo.net\/index.php?rest_route=%2Fwp%2Fv2%2Fmedia&parent=5719"}],"wp:term":[{"taxonomy":"product_brand","embeddable":true,"href":"https:\/\/academyvideo.net\/index.php?rest_route=%2Fwp%2Fv2%2Fproduct_brand&post=5719"},{"taxonomy":"product_cat","embeddable":true,"href":"https:\/\/academyvideo.net\/index.php?rest_route=%2Fwp%2Fv2%2Fproduct_cat&post=5719"},{"taxonomy":"product_tag","embeddable":true,"href":"https:\/\/academyvideo.net\/index.php?rest_route=%2Fwp%2Fv2%2Fproduct_tag&post=5719"}],"curies":[{"name":"wp","href":"https:\/\/api.w.org\/{rel}","templated":true}]}}