{"id":5063,"date":"2023-07-22T18:05:56","date_gmt":"2023-07-22T16:05:56","guid":{"rendered":"https:\/\/academyvideo.net\/?post_type=product&#038;p=5063"},"modified":"2026-05-13T16:37:23","modified_gmt":"2026-05-13T14:37:23","slug":"kos-coffret","status":"publish","type":"product","link":"https:\/\/academyvideo.net\/?product=kos-coffret","title":{"rendered":"Coffret Collector Jack Torrance"},"content":{"rendered":"<h3>Cette \u00e9dition Jack Torrance comprend :<\/h3>\n<div>&#8211; Une bo\u00eete collector magn\u00e9tique num\u00e9rot\u00e9e de 1 \u00e0 217<\/div>\n<div>&#8211; Le film en combo BRD + DVD + Cartes Collectors<\/div>\n<div>&#8211; Une r\u00e9plique de la cup Gotham Caf\u00e9 utilis\u00e9e dans le film<\/div>\n<div>&#8211; Un accessoire utilis\u00e9 sur le plateau de tournage avec le certificat d&rsquo;authenticit\u00e9<\/div>\n<div>&#8211; Une collection de 3 Coasters dessin\u00e9s par Xavier Desbarats<\/div>\n<div>&#8211; Une collection de 4 stickers dessin\u00e9s par Germain Barth\u00e9l\u00e9my<\/div>\n<div>&#8211; Une collection de 6 marque-pages dessin\u00e9s par Vivien Duval<\/div>\n<div>&#8211; Un Stylo, un badge et un porte-cl\u00e9 KoS<\/div>\n<div>&#8211; Le CD de la bande originale du film<\/div>\n<div>&#8211; Une affiche A3 du film<\/div>\n<div>&#8211; Un Tote Bag \u00ab\u00a0Creepshow\u00a0\u00bb dessin\u00e9 par Vivien Duval<\/div>\n","protected":false},"excerpt":{"rendered":"<p>Cette \u00e9dition Jack Torrance comprend : &#8211; Une bo\u00eete collector magn\u00e9tique num\u00e9rot\u00e9e de 1 \u00e0 217 &#8211; Le film en combo BRD + DVD + Cartes Collectors &#8211; Une r\u00e9plique de la cup Gotham Caf\u00e9 utilis\u00e9e dans le film &#8211; Un accessoire utilis\u00e9 sur le plateau de tournage avec le certificat d&rsquo;authenticit\u00e9 &#8211; Une collection&#8230;<\/p>\n","protected":false},"featured_media":6468,"template":"","meta":{"_themeisle_gutenberg_block_has_review":false,"_kad_post_transparent":"default","_kad_post_title":"","_kad_post_layout":"default","_kad_post_sidebar_id":"","_kad_post_content_style":"default","_kad_post_vertical_padding":"default","_kad_post_feature":"","_kad_post_feature_position":"","_kad_post_header":false,"_kad_post_footer":false,"_kad_post_classname":""},"product_brand":[],"product_cat":[67,70],"product_tag":[],"class_list":{"0":"post-5063","1":"product","2":"type-product","3":"status-publish","4":"has-post-thumbnail","6":"product_cat-blu-ray","7":"product_cat-dvd","9":"first","10":"instock","11":"featured","12":"taxable","13":"shipping-taxable","14":"purchasable","15":"product-type-simple","16":"entry","17":"content-bg","18":"loop-entry"},"_links":{"self":[{"href":"https:\/\/academyvideo.net\/index.php?rest_route=\/wp\/v2\/product\/5063","targetHints":{"allow":["GET"]}}],"collection":[{"href":"https:\/\/academyvideo.net\/index.php?rest_route=\/wp\/v2\/product"}],"about":[{"href":"https:\/\/academyvideo.net\/index.php?rest_route=\/wp\/v2\/types\/product"}],"wp:featuredmedia":[{"embeddable":true,"href":"https:\/\/academyvideo.net\/index.php?rest_route=\/wp\/v2\/media\/6468"}],"wp:attachment":[{"href":"https:\/\/academyvideo.net\/index.php?rest_route=%2Fwp%2Fv2%2Fmedia&parent=5063"}],"wp:term":[{"taxonomy":"product_brand","embeddable":true,"href":"https:\/\/academyvideo.net\/index.php?rest_route=%2Fwp%2Fv2%2Fproduct_brand&post=5063"},{"taxonomy":"product_cat","embeddable":true,"href":"https:\/\/academyvideo.net\/index.php?rest_route=%2Fwp%2Fv2%2Fproduct_cat&post=5063"},{"taxonomy":"product_tag","embeddable":true,"href":"https:\/\/academyvideo.net\/index.php?rest_route=%2Fwp%2Fv2%2Fproduct_tag&post=5063"}],"curies":[{"name":"wp","href":"https:\/\/api.w.org\/{rel}","templated":true}]}}