{"id":375,"date":"2023-04-15T04:45:24","date_gmt":"2023-04-15T02:45:24","guid":{"rendered":"https:\/\/academyvideo.net\/produit\/dnk-black-shoes\/"},"modified":"2026-05-13T16:36:50","modified_gmt":"2026-05-13T14:36:50","slug":"kos","status":"publish","type":"product","link":"https:\/\/academyvideo.net\/?product=kos","title":{"rendered":"King on Screen (Combo BR+DVD)"},"content":{"rendered":"<h5 data-offset-key=\"df89u-0-0\"><span data-offset-key=\"df89u-0-0\">Plus de 30 heures de bonus in\u00e9dits :<\/span><\/h5>\n<ul>\n<li>Interview de la r\u00e9alisatrice : 45 min<\/li>\n<li>Introduction comment\u00e9e par Daphn\u00e9 Baiwir et Sebastien Cruz : 7min<\/li>\n<li>Galerie photo du tournage : 30 photos exclusives<\/li>\n<li>Premier trailer du film : 3 min<\/li>\n<li>Making of trailer #1 : 1min30<\/li>\n<li>Trailer Officiel du film : 2min<\/li>\n<li>Making of de l\u2019introduction : 5min<\/li>\n<li>Extraits d&rsquo;interviews coup\u00e9s au montage : 22 extraits<\/li>\n<li>Podcast : Les interviews des r\u00e9alisateurs en version longue (en ligne)<\/li>\n<\/ul>\n","protected":false},"excerpt":{"rendered":"<p><em>Une plong\u00e9e intimiste dans l\u2019univers de Stephen King aupr\u00e8s des r\u00e9alisateurs qui ont adapt\u00e9 ses livres \u00e0 l\u2019\u00e9cran, pour comprendre comment tant de ces films ont eu un impact si crucial dans l\u2019histoire du cin\u00e9ma, \u00e9laborant notamment sur son conflit avec Stanley Kubrick, l\u2019influence de sa femme Tabitha sur son travail ou encore la place qu\u2019il a acquise dans la pop culture actuelle.<\/em><\/p>\n","protected":false},"featured_media":6466,"template":"","meta":{"_themeisle_gutenberg_block_has_review":false,"_kad_post_transparent":"default","_kad_post_title":"","_kad_post_layout":"default","_kad_post_sidebar_id":"","_kad_post_content_style":"default","_kad_post_vertical_padding":"default","_kad_post_feature":"","_kad_post_feature_position":"","_kad_post_header":false,"_kad_post_footer":false,"_kad_post_classname":""},"product_brand":[],"product_cat":[67,70],"product_tag":[],"class_list":{"0":"post-375","1":"product","2":"type-product","3":"status-publish","4":"has-post-thumbnail","6":"product_cat-blu-ray","7":"product_cat-dvd","9":"first","10":"instock","11":"featured","12":"taxable","13":"shipping-taxable","14":"purchasable","15":"product-type-simple","16":"entry","17":"content-bg","18":"loop-entry"},"_links":{"self":[{"href":"https:\/\/academyvideo.net\/index.php?rest_route=\/wp\/v2\/product\/375","targetHints":{"allow":["GET"]}}],"collection":[{"href":"https:\/\/academyvideo.net\/index.php?rest_route=\/wp\/v2\/product"}],"about":[{"href":"https:\/\/academyvideo.net\/index.php?rest_route=\/wp\/v2\/types\/product"}],"wp:featuredmedia":[{"embeddable":true,"href":"https:\/\/academyvideo.net\/index.php?rest_route=\/wp\/v2\/media\/6466"}],"wp:attachment":[{"href":"https:\/\/academyvideo.net\/index.php?rest_route=%2Fwp%2Fv2%2Fmedia&parent=375"}],"wp:term":[{"taxonomy":"product_brand","embeddable":true,"href":"https:\/\/academyvideo.net\/index.php?rest_route=%2Fwp%2Fv2%2Fproduct_brand&post=375"},{"taxonomy":"product_cat","embeddable":true,"href":"https:\/\/academyvideo.net\/index.php?rest_route=%2Fwp%2Fv2%2Fproduct_cat&post=375"},{"taxonomy":"product_tag","embeddable":true,"href":"https:\/\/academyvideo.net\/index.php?rest_route=%2Fwp%2Fv2%2Fproduct_tag&post=375"}],"curies":[{"name":"wp","href":"https:\/\/api.w.org\/{rel}","templated":true}]}}