{"id":4874,"date":"2023-07-20T15:43:05","date_gmt":"2023-07-20T13:43:05","guid":{"rendered":"https:\/\/academyvideo.net\/?page_id=4874"},"modified":"2026-05-12T20:43:50","modified_gmt":"2026-05-12T18:43:50","slug":"qui-sommes-nous","status":"publish","type":"page","link":"https:\/\/academyvideo.net\/?page_id=4874","title":{"rendered":"Qui sommes-nous ?"},"content":{"rendered":"\n<p><style>\/*! elementor - v3.16.0 - 14-09-2023 *\/<br \/>\n.elementor-column .elementor-spacer-inner{height:var(--spacer-size)}.e-con{--container-widget-width:100%}.e-con-inner>.elementor-widget-spacer,.e-con>.elementor-widget-spacer{width:var(--container-widget-width,var(--spacer-size));--align-self:var(--container-widget-align-self,initial);--flex-shrink:0}.e-con-inner>.elementor-widget-spacer>.elementor-widget-container,.e-con>.elementor-widget-spacer>.elementor-widget-container{height:100%;width:100%}.e-con-inner>.elementor-widget-spacer>.elementor-widget-container>.elementor-spacer,.e-con>.elementor-widget-spacer>.elementor-widget-container>.elementor-spacer{height:100%}.e-con-inner>.elementor-widget-spacer>.elementor-widget-container>.elementor-spacer>.elementor-spacer-inner,.e-con>.elementor-widget-spacer>.elementor-widget-container>.elementor-spacer>.elementor-spacer-inner{height:var(--container-widget-height,var(--spacer-size))}.e-con-inner>.elementor-widget-spacer.elementor-widget-empty,.e-con>.elementor-widget-spacer.elementor-widget-empty{position:relative;min-height:22px;min-width:22px}.e-con-inner>.elementor-widget-spacer.elementor-widget-empty .elementor-widget-empty-icon,.e-con>.elementor-widget-spacer.elementor-widget-empty .elementor-widget-empty-icon{position:absolute;top:0;bottom:0;left:0;right:0;margin:auto;padding:0;width:22px;height:22px}<\/style> <style>\/*! elementor - v3.16.0 - 14-09-2023 *\/<br \/>\n.elementor-widget-image{text-align:center}.elementor-widget-image a{display:inline-block}.elementor-widget-image a img[src$=\".svg\"]{width:48px}.elementor-widget-image img{vertical-align:middle;display:inline-block}<\/style><\/p>\n\n\n<div class=\"wp-block-image\">\n<figure class=\"aligncenter size-large is-resized\"><img loading=\"lazy\" decoding=\"async\" width=\"1024\" height=\"184\" src=\"https:\/\/academyvideo.net\/wp-content\/uploads\/2025\/01\/cropped-logo-site-noir-1024x184.png\" alt=\"\" class=\"wp-image-6018\" style=\"width:440px;height:79px\" srcset=\"https:\/\/academyvideo.net\/wp-content\/uploads\/2025\/01\/cropped-logo-site-noir-1024x184.png 1024w, https:\/\/academyvideo.net\/wp-content\/uploads\/2025\/01\/cropped-logo-site-noir-scaled-600x108.png 600w, https:\/\/academyvideo.net\/wp-content\/uploads\/2025\/01\/cropped-logo-site-noir-300x54.png 300w, https:\/\/academyvideo.net\/wp-content\/uploads\/2025\/01\/cropped-logo-site-noir-768x138.png 768w, https:\/\/academyvideo.net\/wp-content\/uploads\/2025\/01\/cropped-logo-site-noir-1536x276.png 1536w, https:\/\/academyvideo.net\/wp-content\/uploads\/2025\/01\/cropped-logo-site-noir-2048x368.png 2048w\" sizes=\"auto, (max-width: 1024px) 100vw, 1024px\" \/><\/figure>\n<\/div>\n\n\n<p>Chez Academy Video, nous avons une passion ardente pour le cin\u00e9ma et l&rsquo;art de raconter des histoires. Fond\u00e9e par des cin\u00e9philes enthousiastes et des collectionneurs sans limite, notre petite entreprise d&rsquo;\u00e9dition vid\u00e9o s&rsquo;est donn\u00e9e pour mission de vous offrir des exp\u00e9riences cin\u00e9matographiques in\u00e9gal\u00e9es sur support physique.<\/p>\n\n\n\n<p>Notre engagement envers la qualit\u00e9, l&rsquo;int\u00e9grit\u00e9 artistique et le client nous am\u00e8nerons \u00e0 des projets divers et vari\u00e9s.<\/p>\n\n\n\n<p>Nous mettons un point d&rsquo;honneur \u00e0 \u00e9diter des films avec le plus grand soin, pour pr\u00e9server leur authenticit\u00e9 et vous permettre de vivre une exp\u00e9rience cin\u00e9matographique immersive et enrichissante. Chaque film que nous \u00e9ditons est trait\u00e9 avec le respect qu&rsquo;il m\u00e9rite, car nous croyons que le cin\u00e9ma est bien plus qu&rsquo;un simple divertissement : c&rsquo;est une forme d&rsquo;expression artistique qui m\u00e9rite d&rsquo;\u00eatre appr\u00e9ci\u00e9e dans toute sa splendeur.<\/p>\n\n\n\n<p>Nous sommes fiers d&rsquo;offrir une approche personnalis\u00e9e et attentive \u00e0 nos clients. Notre catalogue comprendra des films diversifi\u00e9s : classiques intemporels, nouveaut\u00e9s et des documentaires \u00e9clairants, soigneusement s\u00e9lectionn\u00e9s. Nous sommes \u00e9galement ouverts \u00e0 vos suggestions et recommandations, car nous souhaitons construire une communaut\u00e9 cin\u00e9phile dynamique et engag\u00e9e.<\/p>\n\n\n\n<p>Nous comprenons que faire confiance \u00e0 une nouvelle entreprise peut susciter des interrogations, c&rsquo;est pourquoi nous nous engageons \u00e0 vous fournir un service client transparent. Votre satisfaction est notre priorit\u00e9 absolue, et nous mettons tout en \u0153uvre pour vous offrir une exp\u00e9rience d&rsquo;achat agr\u00e9able et sans pr\u00e9occupations, alors \u00e0 la moindre question, n&rsquo;h\u00e9site pas \u00e0 nous contacter !<\/p>\n\n\n\n<p>Nous sommes impatients de partager avec vous notre passion pour le cin\u00e9ma et de vous faire d\u00e9couvrir notre premi\u00e8re sortie vid\u00e9o. Restez \u00e0 l&rsquo;aff\u00fbt des annonces \u00e0 venir, car notre \u00e9dition sp\u00e9ciale de King On Screen, n&rsquo;est que le d\u00e9but !<\/p>\n\n\n\n<p>Bienvenue dans notre univers cin\u00e9matographique,<\/p>\n\n\n\n<p>L&rsquo;\u00e9quipe d&rsquo;Academy Video\ud83c\udfa5<\/p>\n","protected":false},"excerpt":{"rendered":"<p>Chez Academy Video, nous avons une passion ardente pour le cin\u00e9ma et l&rsquo;art de raconter des histoires. Fond\u00e9e par des cin\u00e9philes enthousiastes et des collectionneurs sans limite, notre petite entreprise d&rsquo;\u00e9dition vid\u00e9o s&rsquo;est donn\u00e9e pour mission de vous offrir des exp\u00e9riences cin\u00e9matographiques in\u00e9gal\u00e9es sur support physique. Notre engagement envers la qualit\u00e9, l&rsquo;int\u00e9grit\u00e9 artistique et le&#8230;<\/p>\n","protected":false},"author":1,"featured_media":0,"parent":0,"menu_order":0,"comment_status":"closed","ping_status":"closed","template":"","meta":{"_themeisle_gutenberg_block_has_review":false,"_kad_post_transparent":"","_kad_post_title":"","_kad_post_layout":"","_kad_post_sidebar_id":"","_kad_post_content_style":"","_kad_post_vertical_padding":"","_kad_post_feature":"","_kad_post_feature_position":"","_kad_post_header":false,"_kad_post_footer":false,"_kad_post_classname":"","footnotes":""},"class_list":["post-4874","page","type-page","status-publish","hentry"],"_links":{"self":[{"href":"https:\/\/academyvideo.net\/index.php?rest_route=\/wp\/v2\/pages\/4874","targetHints":{"allow":["GET"]}}],"collection":[{"href":"https:\/\/academyvideo.net\/index.php?rest_route=\/wp\/v2\/pages"}],"about":[{"href":"https:\/\/academyvideo.net\/index.php?rest_route=\/wp\/v2\/types\/page"}],"author":[{"embeddable":true,"href":"https:\/\/academyvideo.net\/index.php?rest_route=\/wp\/v2\/users\/1"}],"replies":[{"embeddable":true,"href":"https:\/\/academyvideo.net\/index.php?rest_route=%2Fwp%2Fv2%2Fcomments&post=4874"}],"version-history":[{"count":36,"href":"https:\/\/academyvideo.net\/index.php?rest_route=\/wp\/v2\/pages\/4874\/revisions"}],"predecessor-version":[{"id":6549,"href":"https:\/\/academyvideo.net\/index.php?rest_route=\/wp\/v2\/pages\/4874\/revisions\/6549"}],"wp:attachment":[{"href":"https:\/\/academyvideo.net\/index.php?rest_route=%2Fwp%2Fv2%2Fmedia&parent=4874"}],"curies":[{"name":"wp","href":"https:\/\/api.w.org\/{rel}","templated":true}]}}