{"id":4387,"date":"2023-07-17T06:31:19","date_gmt":"2023-07-17T04:31:19","guid":{"rendered":"https:\/\/academyvideo.net\/home\/"},"modified":"2026-05-12T21:50:37","modified_gmt":"2026-05-12T19:50:37","slug":"accueil","status":"publish","type":"page","link":"https:\/\/academyvideo.net\/","title":{"rendered":"Accueil"},"content":{"rendered":"\n<div id=\"wp-block-themeisle-blocks-advanced-columns-a2946a77\" class=\"wp-block-themeisle-blocks-advanced-columns alignfull has-2-columns has-desktop-twoOne-layout has-tablet-equal-layout has-mobile-collapsedRows-layout has-vertical-center ticss-a2946a77 has-light-bg\"><div class=\"wp-block-themeisle-blocks-advanced-columns-overlay\"><\/div><div class=\"innerblocks-wrap\">\n<div id=\"wp-block-themeisle-blocks-advanced-column-bbddf55b\" class=\"wp-block-themeisle-blocks-advanced-column\">\n<div class=\"wp-block-media-text is-stacked-on-mobile is-vertically-aligned-center is-style-default\" style=\"grid-template-columns:83% auto\"><figure class=\"wp-block-media-text__media\"><img loading=\"lazy\" decoding=\"async\" width=\"1024\" height=\"1024\" src=\"https:\/\/academyvideo.net\/wp-content\/uploads\/2025\/08\/TO_BR_VERSO-1024x1024.png\" alt=\"\" class=\"wp-image-6464 size-full\" srcset=\"https:\/\/academyvideo.net\/wp-content\/uploads\/2025\/08\/TO_BR_VERSO-1024x1024.png 1024w, https:\/\/academyvideo.net\/wp-content\/uploads\/2025\/08\/TO_BR_VERSO-600x600.png 600w, https:\/\/academyvideo.net\/wp-content\/uploads\/2025\/08\/TO_BR_VERSO-100x100.png 100w, https:\/\/academyvideo.net\/wp-content\/uploads\/2025\/08\/TO_BR_VERSO-300x300.png 300w, https:\/\/academyvideo.net\/wp-content\/uploads\/2025\/08\/TO_BR_VERSO-150x150.png 150w, https:\/\/academyvideo.net\/wp-content\/uploads\/2025\/08\/TO_BR_VERSO-768x768.png 768w, https:\/\/academyvideo.net\/wp-content\/uploads\/2025\/08\/TO_BR_VERSO-1536x1536.png 1536w, https:\/\/academyvideo.net\/wp-content\/uploads\/2025\/08\/TO_BR_VERSO.png 2000w\" sizes=\"auto, (max-width: 1024px) 100vw, 1024px\" \/><\/figure><div class=\"wp-block-media-text__content\">\n<p><\/p>\n<\/div><\/div>\n<\/div>\n\n\n\n<div id=\"wp-block-themeisle-blocks-advanced-column-92b2db05\" class=\"wp-block-themeisle-blocks-advanced-column\">\n<p id=\"wp-block-themeisle-blocks-advanced-heading-82f63cc5\" class=\"wp-block-themeisle-blocks-advanced-heading wp-block-themeisle-blocks-advanced-heading-82f63cc5\"><strong>Derni\u00e8re sortie<\/strong><\/p>\n\n\n\n<h2 id=\"wp-block-themeisle-blocks-advanced-heading-8f1f2647\" class=\"wp-block-themeisle-blocks-advanced-heading wp-block-themeisle-blocks-advanced-heading-8f1f2647\">The Outwaters (Blu-ray)<\/h2>\n\n\n\n<p class=\"has-nv-dark-bg-color has-text-color\">Synopsis : Michelle, Robbie, Scott et Ange se retrouvent happ\u00e9s dans une spirale cauchemardesque d\u2019horreurs indicibles. Sur cette terre isol\u00e9e, autrefois noy\u00e9e sous les mers du Pal\u00e9ozo\u00efque, quelque chose attend\u2026 et surgira. Une nuit suffira pour tout faire basculer.<\/p>\n\n\n\n<p class=\"has-neve-link-color-color has-text-color\">Bonus : card zero \u2013 prologue (35\u2033), file vl-624 \u2013 epilogue (21\u2033), le disque orange brillant (6\u2033) (exclusif au blu-ray FR), commentaire audio (110\u2033), video musicale 1 (4\u2033), video musicale 2 (4\u2033), the dogistter \u2013 court metrage (17\u2033) vo (exclusif au blu-ray FR), advent \u2013 court metrage (7\u2033) vo (exclusif au blu-ray FR)<\/p>\n\n\n\n<div class=\"wp-block-buttons is-layout-flex wp-block-buttons-is-layout-flex\">\n<div class=\"wp-block-button has-custom-width wp-block-button__width-50 is-style-primary animated bounceIn fast\"><a class=\"wp-block-button__link has-medium-font-size has-custom-font-size wp-element-button\" href=\"https:\/\/academyvideo.net\/boutique\/?add-to-cart=6303\" style=\"padding-top:var(--wp--preset--spacing--20);padding-right:var(--wp--preset--spacing--20);padding-bottom:var(--wp--preset--spacing--20);padding-left:var(--wp--preset--spacing--20)\">Ajouter au panier<\/a><\/div>\n<\/div>\n<\/div>\n<\/div><\/div>\n\n\n\n\n\n\n\n<div id=\"wp-block-themeisle-blocks-advanced-columns-55b78b58\" class=\"wp-block-themeisle-blocks-advanced-columns alignfull has-3-columns has-desktop-equal-layout has-tablet-equal-layout has-mobile-collapsedRows-layout has-vertical-center ticss-c00aadba\"><div class=\"wp-block-themeisle-blocks-advanced-columns-overlay\"><\/div><div class=\"innerblocks-wrap\">\n<div id=\"wp-block-themeisle-blocks-advanced-column-d16eef57\" class=\"wp-block-themeisle-blocks-advanced-column\">\n<figure class=\"wp-block-image size-full has-custom-border is-style-default\"><img loading=\"lazy\" decoding=\"async\" width=\"2000\" height=\"2000\" src=\"https:\/\/academyvideo.net\/wp-content\/uploads\/2025\/06\/LADLV_BR_VERSO.png\" alt=\"\" class=\"wp-image-6463\" style=\"border-style:none;border-width:0px;border-top-left-radius:0px;border-top-right-radius:0px;border-bottom-left-radius:0px;border-bottom-right-radius:0px\" srcset=\"https:\/\/academyvideo.net\/wp-content\/uploads\/2025\/06\/LADLV_BR_VERSO.png 2000w, https:\/\/academyvideo.net\/wp-content\/uploads\/2025\/06\/LADLV_BR_VERSO-600x600.png 600w, https:\/\/academyvideo.net\/wp-content\/uploads\/2025\/06\/LADLV_BR_VERSO-100x100.png 100w, https:\/\/academyvideo.net\/wp-content\/uploads\/2025\/06\/LADLV_BR_VERSO-300x300.png 300w, https:\/\/academyvideo.net\/wp-content\/uploads\/2025\/06\/LADLV_BR_VERSO-1024x1024.png 1024w, https:\/\/academyvideo.net\/wp-content\/uploads\/2025\/06\/LADLV_BR_VERSO-150x150.png 150w, https:\/\/academyvideo.net\/wp-content\/uploads\/2025\/06\/LADLV_BR_VERSO-768x768.png 768w, https:\/\/academyvideo.net\/wp-content\/uploads\/2025\/06\/LADLV_BR_VERSO-1536x1536.png 1536w\" sizes=\"auto, (max-width: 2000px) 100vw, 2000px\" \/><\/figure>\n\n\n\n<h5 id=\"wp-block-themeisle-blocks-advanced-heading-af4a6933\" class=\"wp-block-themeisle-blocks-advanced-heading wp-block-themeisle-blocks-advanced-heading-af4a6933\">Les Artisans de la Voix (Blu-ray)<\/h5>\n\n\n\n<p class=\"has-text-align-center has-small-font-size\">Comment d\u00e9finir le doublage ? Qu\u2019est-ce qui caract\u00e9rise ce milieu ? Ces com\u00e9diens \u00e0 la voix d\u2019or ont marqu\u00e9 plusieurs g\u00e9n\u00e9rations de publics, au cin\u00e9ma, \u00e0 la t\u00e9l\u00e9, et m\u00eame sur internet. Dix d\u2019entre eux ont accept\u00e9 g\u00e9n\u00e9reusement de pouvoir parler de leur m\u00e9tier, leurs exp\u00e9riences, mais aussi leurs diff\u00e9rents points de vue.<\/p>\n\n\n\n<div class=\"wp-block-buttons is-content-justification-center is-layout-flex wp-container-core-buttons-is-layout-16018d1d wp-block-buttons-is-layout-flex\">\n<div class=\"wp-block-button is-style-primary\"><a class=\"wp-block-button__link wp-element-button\" href=\"https:\/\/academyvideo.net\/boutique\/?add-to-cart=6176\">Ajouter au panier<\/a><\/div>\n<\/div>\n<\/div>\n\n\n\n<div id=\"wp-block-themeisle-blocks-advanced-column-bd1b0b6b\" class=\"wp-block-themeisle-blocks-advanced-column\">\n<figure class=\"wp-block-image size-full\"><img loading=\"lazy\" decoding=\"async\" width=\"2000\" height=\"2000\" src=\"https:\/\/academyvideo.net\/wp-content\/uploads\/2024\/11\/MOPE_BR_RECTO.png\" alt=\"\" class=\"wp-image-6460\" srcset=\"https:\/\/academyvideo.net\/wp-content\/uploads\/2024\/11\/MOPE_BR_RECTO.png 2000w, https:\/\/academyvideo.net\/wp-content\/uploads\/2024\/11\/MOPE_BR_RECTO-600x600.png 600w, https:\/\/academyvideo.net\/wp-content\/uploads\/2024\/11\/MOPE_BR_RECTO-100x100.png 100w, https:\/\/academyvideo.net\/wp-content\/uploads\/2024\/11\/MOPE_BR_RECTO-300x300.png 300w, https:\/\/academyvideo.net\/wp-content\/uploads\/2024\/11\/MOPE_BR_RECTO-1024x1024.png 1024w, https:\/\/academyvideo.net\/wp-content\/uploads\/2024\/11\/MOPE_BR_RECTO-150x150.png 150w, https:\/\/academyvideo.net\/wp-content\/uploads\/2024\/11\/MOPE_BR_RECTO-768x768.png 768w, https:\/\/academyvideo.net\/wp-content\/uploads\/2024\/11\/MOPE_BR_RECTO-1536x1536.png 1536w\" sizes=\"auto, (max-width: 2000px) 100vw, 2000px\" \/><\/figure>\n\n\n\n<h5 id=\"wp-block-themeisle-blocks-advanced-heading-112ba0b0\" class=\"wp-block-themeisle-blocks-advanced-heading wp-block-themeisle-blocks-advanced-heading-112ba0b0\">MOPE (Blu-ray)<\/h5>\n\n\n\n<p class=\"has-text-align-center has-small-font-size\">Dans les bas-fonds de l\u2019industrie du divertissement pour adultes de Los Angeles, deux outsiders marginaux, Steve Driver et Tom Dong, poursuivent leur r\u00eave impossible de devenir des stars reconnues. Alors qu\u2019ils naviguent dans les m\u00e9andres d\u2019un milieu impitoyable o\u00f9 ils sont consid\u00e9r\u00e9s comme de simples \u00ab mopes \u00bb \u2013 ces acteurs de dernier rang -, leur qu\u00eate obsessionnelle de gloire et de reconnaissance les entra\u00eene dans une spirale aussi fascinante que dangereuse.<\/p>\n\n\n\n<div class=\"wp-block-buttons is-content-justification-center is-layout-flex wp-container-core-buttons-is-layout-16018d1d wp-block-buttons-is-layout-flex\">\n<div class=\"wp-block-button is-style-primary\"><a class=\"wp-block-button__link wp-element-button\" href=\"https:\/\/academyvideo.net\/boutique\/?add-to-cart=5719\">Ajouter au panier<\/a><\/div>\n<\/div>\n<\/div>\n\n\n\n<div id=\"wp-block-themeisle-blocks-advanced-column-07b3d357\" class=\"wp-block-themeisle-blocks-advanced-column\">\n<figure class=\"wp-block-image size-full is-style-default\"><img loading=\"lazy\" decoding=\"async\" width=\"2000\" height=\"2000\" src=\"https:\/\/academyvideo.net\/wp-content\/uploads\/2023\/04\/KOS_FOURREAU_RECTO.png\" alt=\"\" class=\"wp-image-6466\" srcset=\"https:\/\/academyvideo.net\/wp-content\/uploads\/2023\/04\/KOS_FOURREAU_RECTO.png 2000w, https:\/\/academyvideo.net\/wp-content\/uploads\/2023\/04\/KOS_FOURREAU_RECTO-600x600.png 600w, https:\/\/academyvideo.net\/wp-content\/uploads\/2023\/04\/KOS_FOURREAU_RECTO-100x100.png 100w, https:\/\/academyvideo.net\/wp-content\/uploads\/2023\/04\/KOS_FOURREAU_RECTO-300x300.png 300w, https:\/\/academyvideo.net\/wp-content\/uploads\/2023\/04\/KOS_FOURREAU_RECTO-1024x1024.png 1024w, https:\/\/academyvideo.net\/wp-content\/uploads\/2023\/04\/KOS_FOURREAU_RECTO-150x150.png 150w, https:\/\/academyvideo.net\/wp-content\/uploads\/2023\/04\/KOS_FOURREAU_RECTO-768x768.png 768w, https:\/\/academyvideo.net\/wp-content\/uploads\/2023\/04\/KOS_FOURREAU_RECTO-1536x1536.png 1536w\" sizes=\"auto, (max-width: 2000px) 100vw, 2000px\" \/><\/figure>\n\n\n\n<h5 id=\"wp-block-themeisle-blocks-advanced-heading-c1dd424b\" class=\"wp-block-themeisle-blocks-advanced-heading wp-block-themeisle-blocks-advanced-heading-c1dd424b\">King on Screen (Blu-ray+DVD)<\/h5>\n\n\n\n<p class=\"has-text-align-center has-small-font-size\">Une plong\u00e9e intimiste dans l\u2019univers de Stephen King aupr\u00e8s des r\u00e9alisateurs qui ont adapt\u00e9 ses livres \u00e0 l\u2019\u00e9cran, pour comprendre comment tant de ces films ont eu un impact si crucial dans l\u2019histoire du cin\u00e9ma, \u00e9laborant notamment sur son conflit avec Stanley Kubrick, l\u2019influence de sa femme Tabitha sur son travail ou encore la place qu\u2019il a acquise dans la pop culture actuelle.<\/p>\n\n\n\n<div class=\"wp-block-buttons is-content-justification-center is-layout-flex wp-container-core-buttons-is-layout-16018d1d wp-block-buttons-is-layout-flex\">\n<div class=\"wp-block-button is-style-primary\"><a class=\"wp-block-button__link wp-element-button\" href=\"https:\/\/academyvideo.net\/boutique\/?add-to-cart=375\">Ajouter au panier<\/a><\/div>\n<\/div>\n<\/div>\n<\/div><\/div>\n","protected":false},"excerpt":{"rendered":"","protected":false},"author":1,"featured_media":6463,"parent":0,"menu_order":0,"comment_status":"closed","ping_status":"closed","template":"","meta":{"_themeisle_gutenberg_block_has_review":false,"_kad_post_transparent":"","_kad_post_title":"","_kad_post_layout":"","_kad_post_sidebar_id":"","_kad_post_content_style":"","_kad_post_vertical_padding":"","_kad_post_feature":"","_kad_post_feature_position":"","_kad_post_header":false,"_kad_post_footer":false,"_kad_post_classname":"","footnotes":""},"class_list":["post-4387","page","type-page","status-publish","has-post-thumbnail","hentry"],"_links":{"self":[{"href":"https:\/\/academyvideo.net\/index.php?rest_route=\/wp\/v2\/pages\/4387","targetHints":{"allow":["GET"]}}],"collection":[{"href":"https:\/\/academyvideo.net\/index.php?rest_route=\/wp\/v2\/pages"}],"about":[{"href":"https:\/\/academyvideo.net\/index.php?rest_route=\/wp\/v2\/types\/page"}],"author":[{"embeddable":true,"href":"https:\/\/academyvideo.net\/index.php?rest_route=\/wp\/v2\/users\/1"}],"replies":[{"embeddable":true,"href":"https:\/\/academyvideo.net\/index.php?rest_route=%2Fwp%2Fv2%2Fcomments&post=4387"}],"version-history":[{"count":355,"href":"https:\/\/academyvideo.net\/index.php?rest_route=\/wp\/v2\/pages\/4387\/revisions"}],"predecessor-version":[{"id":6635,"href":"https:\/\/academyvideo.net\/index.php?rest_route=\/wp\/v2\/pages\/4387\/revisions\/6635"}],"wp:featuredmedia":[{"embeddable":true,"href":"https:\/\/academyvideo.net\/index.php?rest_route=\/wp\/v2\/media\/6463"}],"wp:attachment":[{"href":"https:\/\/academyvideo.net\/index.php?rest_route=%2Fwp%2Fv2%2Fmedia&parent=4387"}],"curies":[{"name":"wp","href":"https:\/\/api.w.org\/{rel}","templated":true}]}}